{"id":3844,"date":"2024-05-21T18:32:58","date_gmt":"2024-05-21T18:32:58","guid":{"rendered":"https:\/\/www.electriccylinder.net\/de\/?page_id=3844"},"modified":"2024-07-25T10:12:36","modified_gmt":"2024-07-25T10:12:36","slug":"imtl63-elektrozylinder","status":"publish","type":"page","link":"https:\/\/www.electriccylinder.net\/de\/imtl63-elektrozylinder\/","title":{"rendered":"IMTL63 Elektrozylinder"},"content":{"rendered":"\t\t<div data-elementor-type=\"wp-page\" data-elementor-id=\"3844\" class=\"elementor elementor-3844\">\n\t\t\t\t<div class=\"elementor-element elementor-element-e1fe456 e-flex e-con-boxed e-con e-parent\" data-id=\"e1fe456\" data-element_type=\"container\" data-settings=\"{&quot;background_background&quot;:&quot;classic&quot;}\">\n\t\t\t\t\t<div class=\"e-con-inner\">\n\t\t\t\t<div class=\"elementor-element elementor-element-26e7c24 elementor-widget elementor-widget-ld_breadcrumb\" data-id=\"26e7c24\" data-element_type=\"widget\" data-widget_type=\"ld_breadcrumb.default\">\n\t\t\t\t<div class=\"elementor-widget-container\">\n\t\t\t\t\t<div class=\"lqd-breadcrumb-wrapper\"><nav role=\"navigation\" aria-label=\"Breadcrumbs\" class=\"breadcrumbs\"><ol class=\"breadcrumb reset-ul inline-nav inline-ul comma-sep-li\"><li class=\"breadcrumb-item active\"><a href=\"https:\/\/www.electriccylinder.net\/de\" rel=\"home\"><span>Home<\/span><\/a><\/li><\/ol><\/nav><\/div>\t\t\t\t<\/div>\n\t\t\t\t<\/div>\n\t\t\t\t\t<\/div>\n\t\t\t\t<\/div>\n\t\t<div class=\"elementor-element elementor-element-722fe84 e-flex e-con-boxed e-con e-parent\" data-id=\"722fe84\" data-element_type=\"container\">\n\t\t\t\t\t<div class=\"e-con-inner\">\n\t\t<div class=\"elementor-element elementor-element-be92216 e-con-full e-flex e-con e-child\" data-id=\"be92216\" data-element_type=\"container\">\n\t\t\t\t<div class=\"elementor-element elementor-element-2dc34bc elementor-widget elementor-widget-image\" data-id=\"2dc34bc\" data-element_type=\"widget\" data-widget_type=\"image.default\">\n\t\t\t\t<div class=\"elementor-widget-container\">\n\t\t\t\t\t\t\t\t\t\t\t\t\t\t\t<img fetchpriority=\"high\" decoding=\"async\" width=\"780\" height=\"780\" src=\"https:\/\/www.electriccylinder.net\/de\/wp-content\/uploads\/2024\/07\/imtL-63-Cover-1.jpg\" class=\"attachment-large size-large wp-image-3887\" alt=\"\" srcset=\"https:\/\/www.electriccylinder.net\/de\/wp-content\/uploads\/2024\/07\/imtL-63-Cover-1.jpg 1000w, https:\/\/www.electriccylinder.net\/de\/wp-content\/uploads\/2024\/07\/imtL-63-Cover-1-300x300.jpg 300w, https:\/\/www.electriccylinder.net\/de\/wp-content\/uploads\/2024\/07\/imtL-63-Cover-1-150x150.jpg 150w, https:\/\/www.electriccylinder.net\/de\/wp-content\/uploads\/2024\/07\/imtL-63-Cover-1-320x320.jpg 320w, https:\/\/www.electriccylinder.net\/de\/wp-content\/uploads\/2024\/07\/imtL-63-Cover-1-760x760.jpg 760w\" sizes=\"(max-width: 780px) 100vw, 780px\" \/>\t\t\t\t\t\t\t\t\t\t\t\t\t\t\t<\/div>\n\t\t\t\t<\/div>\n\t\t\t\t<\/div>\n\t\t<div class=\"elementor-element elementor-element-2ba62b7 e-con-full e-flex e-con e-child\" data-id=\"2ba62b7\" data-element_type=\"container\">\n\t\t<div class=\"elementor-element elementor-element-6c99e8d e-flex e-con-boxed e-con e-child\" data-id=\"6c99e8d\" data-element_type=\"container\">\n\t\t\t\t\t<div class=\"e-con-inner\">\n\t\t\t\t\t<\/div>\n\t\t\t\t<\/div>\n\t\t<div class=\"elementor-element elementor-element-57e2562 e-flex e-con-boxed e-con e-child\" data-id=\"57e2562\" data-element_type=\"container\">\n\t\t\t\t\t<div class=\"e-con-inner\">\n\t\t\t\t<div class=\"elementor-element elementor-element-d5d9c3d elementor-widget elementor-widget-heading\" data-id=\"d5d9c3d\" data-element_type=\"widget\" data-widget_type=\"heading.default\">\n\t\t\t\t<div class=\"elementor-widget-container\">\n\t\t\t\t\t<h4 class=\"elementor-heading-title elementor-size-default\">IMTL63 Elektrozylinder<\/h4>\t\t\t\t<\/div>\n\t\t\t\t<\/div>\n\t\t\t\t<div class=\"elementor-element elementor-element-19824f3 elementor-widget elementor-widget-text-editor\" data-id=\"19824f3\" data-element_type=\"widget\" data-widget_type=\"text-editor.default\">\n\t\t\t\t<div class=\"elementor-widget-container\">\n\t\t\t\t\t\t\t\t\t<p>Es wird gem\u00e4\u00df den ISO1552-Pneumatikzylinderabmessungen als Standard hergestellt, und je nach gew\u00fcnschter Geschwindigkeit und Kraft k\u00f6nnen viele verschiedene Schrittmotoren oder Servomotoren angeschlossen werden.<\/p><p>Befestigungselemente, die in pneumatischen Zylindern verwendet werden, k\u00f6nnen auch in elektrischen Zylindern verwendet werden.<\/p><p>Standard-Kanaltyp-Sensoren k\u00f6nnen verwendet werden.<\/p><p>Produkte k\u00f6nnen in verschiedenen Steigungen hergestellt werden, die spezifisch f\u00fcr Ihre Anwendung sind.<\/p>\t\t\t\t\t\t\t\t<\/div>\n\t\t\t\t<\/div>\n\t\t\t\t<div class=\"elementor-element elementor-element-daa2e82 elementor-widget elementor-widget-ld_button\" data-id=\"daa2e82\" data-element_type=\"widget\" data-widget_type=\"ld_button.default\">\n\t\t\t\t<div class=\"elementor-widget-container\">\n\t\t\t\t\t\n\t\t\t<a\n\t\t\t\thref=\"#teknik\"class=\"elementor-button btn btn-solid btn-icon-left btn-has-label\"\t\t\t>\n\t\t\t\t\t\t\t\t\t<span data-text=\"Technische Daten\" class=\"btn-txt\">\n\t\t\t\t\t\tTechnische Daten\t\t\t\t\t<\/span>\n\t\t\t\t\t\t\t\t\t\t\t\t\t\t<span class=\"btn-icon\">\n\t\t\t\t\t\t\t<i aria-hidden=\"true\" class=\"far fa-paper-plane\"><\/i>\t\t\t\t\t\t<\/span>\n\t\t\t\t\t\t\t\t\t<\/a>\n\t\t\t\t\t\t\t<\/div>\n\t\t\t\t<\/div>\n\t\t\t\t\t<\/div>\n\t\t\t\t<\/div>\n\t\t\t\t<\/div>\n\t\t\t\t\t<\/div>\n\t\t\t\t<\/div>\n\t\t<div class=\"elementor-element elementor-element-dd05fb7 elementor-hidden-tablet elementor-hidden-mobile e-flex e-con-boxed e-con e-parent\" data-id=\"dd05fb7\" data-element_type=\"container\">\n\t\t\t\t\t<div class=\"e-con-inner\">\n\t\t\t\t<div class=\"elementor-element elementor-element-d15b550 elementor-cta--layout-image-right elementor-cta--skin-classic elementor-animated-content elementor-bg-transform elementor-bg-transform-zoom-in elementor-widget elementor-widget-call-to-action\" data-id=\"d15b550\" data-element_type=\"widget\" data-widget_type=\"call-to-action.default\">\n\t\t\t\t<div class=\"elementor-widget-container\">\n\t\t\t\t\t\t\t<div class=\"elementor-cta\">\n\t\t\t\t\t<div class=\"elementor-cta__bg-wrapper\">\n\t\t\t\t<div class=\"elementor-cta__bg elementor-bg\" style=\"background-image: url(https:\/\/www.electriccylinder.net\/de\/wp-content\/uploads\/2024\/02\/imt-50_3.webp);\"><\/div>\n\t\t\t\t<div class=\"elementor-cta__bg-overlay\"><\/div>\n\t\t\t<\/div>\n\t\t\t\t\t\t\t<div class=\"elementor-cta__content\">\n\t\t\t\t\n\t\t\t\t<h2 class=\"elementor-cta__title elementor-cta__content-item elementor-content-item\">Produkt Erstellen<\/h2>\n\t\t\t\t\t\t\t\t\t<div class=\"elementor-cta__description elementor-cta__content-item elementor-content-item\">\n\t\t\t\t\t\tProdukt erstellenBereiten Sie eine Bestellung f\u00fcr Elektrozylinder mit den f\u00fcr Ihre Maschine und Ihre Anforderungen spezifischen Empfindlichkeits- und Leistungsoptionen vor.\t\t\t\t\t<\/div>\n\t\t\t\t\n\t\t\t\t\t\t\t\t\t<div class=\"elementor-cta__button-wrapper elementor-cta__content-item elementor-content-item \">\n\t\t\t\t\t<a class=\"elementor-cta__button elementor-button elementor-size-sm\" href=\"https:\/\/www.electriccylinder.net\/de\/produkt-erstellen\/\">\n\t\t\t\t\t\tProdukt Erstellen\t\t\t\t\t<\/a>\n\t\t\t\t\t<\/div>\n\t\t\t\t\t\t\t<\/div>\n\t\t\t\t\t\t<\/div>\n\t\t\t\t\t\t<\/div>\n\t\t\t\t<\/div>\n\t\t\t\t\t<\/div>\n\t\t\t\t<\/div>\n\t\t<div class=\"elementor-element elementor-element-6763cae e-flex e-con-boxed e-con e-parent\" data-id=\"6763cae\" data-element_type=\"container\">\n\t\t\t\t\t<div class=\"e-con-inner\">\n\t\t\t\t<div class=\"elementor-element elementor-element-180ace1 elementor-widget elementor-widget-menu-anchor\" data-id=\"180ace1\" data-element_type=\"widget\" data-widget_type=\"menu-anchor.default\">\n\t\t\t\t<div class=\"elementor-widget-container\">\n\t\t\t\t\t\t\t<div class=\"elementor-menu-anchor\" id=\"teknik\"><\/div>\n\t\t\t\t\t\t<\/div>\n\t\t\t\t<\/div>\n\t\t\t\t<div class=\"elementor-element elementor-element-3fe5a90 elementor-widget elementor-widget-ld_tabs\" data-id=\"3fe5a90\" data-element_type=\"widget\" data-widget_type=\"ld_tabs.default\">\n\t\t\t\t<div class=\"elementor-widget-container\">\n\t\t\t\t\t\t\t<div class=\"lqd-tabs lqd-tabs-style-2 lqd-tabs-nav-iconbox d-flex lqd-tabs-nav-items-not-expanded flex-column 3fe5a90 lqd-nav-underline-\" data-tabs-options=\"{&quot;trigger&quot;:&quot;click&quot;}\">\n\t\t\n\t\t\t<nav class=\"lqd-tabs-nav-wrap\">\n\t\t\t\t<ul class=\"reset-ul lqd-tabs-nav d-flex align-items-center justify-content-between flex-wrap pos-rel\" role=\"tablist\"><li data-controls=\"lqd-tab-6701\" role=\"presentation\" class=\"elementor-repeater-item-cce684e active mb-5\"><a class=\"d-block\" href=\"#lqd-tab-6701\" aria-expanded=\"false\" aria-controls=\"lqd-tab-6701\" role=\"tab\" data-toggle=\"tab\"><span class=\"lqd-tabs-nav-icon d-flex align-items-center\"><span class=\"lqd-tabs-nav-icon-icon d-inline-flex align-items-center justify-content-center me-5 border-radius-circle\"><i aria-hidden=\"true\" class=\"fas fa-angle-double-right\"><\/i><\/span><span class=\"lqd-tabs-nav-content d-block\"><span class=\"d-block h3 mt-0 mb-2\">Technische Daten<\/span><span class=\"lqd-tabs-nav-desc d-block\">IMTL63<\/span><\/span><\/span><span class=\"lqd-tabs-nav-progress\"><span class=\"lqd-tabs-nav-progress-inner\"><\/span><\/span><\/a><\/li><li data-controls=\"lqd-tab-6702\" role=\"presentation\" class=\"elementor-repeater-item-119c216 mb-5\"><a class=\"d-block\" href=\"#lqd-tab-6702\" aria-expanded=\"false\" aria-controls=\"lqd-tab-6702\" role=\"tab\" data-toggle=\"tab\"><span class=\"lqd-tabs-nav-icon d-flex align-items-center\"><span class=\"lqd-tabs-nav-icon-icon d-inline-flex align-items-center justify-content-center me-5 border-radius-circle\"><i aria-hidden=\"true\" class=\"fas fa-angle-double-right\"><\/i><\/span><span class=\"lqd-tabs-nav-content d-block\"><span class=\"d-block h3 mt-0 mb-2\">Ma\u00dfe<\/span><span class=\"lqd-tabs-nav-desc d-block\">IMTL63<\/span><\/span><\/span><span class=\"lqd-tabs-nav-progress\"><span class=\"lqd-tabs-nav-progress-inner\"><\/span><\/span><\/a><\/li><li data-controls=\"lqd-tab-6703\" role=\"presentation\" class=\"elementor-repeater-item-b1dfe4d mb-5\"><a class=\"d-block\" href=\"#lqd-tab-6703\" aria-expanded=\"false\" aria-controls=\"lqd-tab-6703\" role=\"tab\" data-toggle=\"tab\"><span class=\"lqd-tabs-nav-icon d-flex align-items-center\"><span class=\"lqd-tabs-nav-icon-icon d-inline-flex align-items-center justify-content-center me-5 border-radius-circle\"><i aria-hidden=\"true\" class=\"fas fa-angle-double-right\"><\/i><\/span><span class=\"lqd-tabs-nav-content d-block\"><span class=\"d-block h3 mt-0 mb-2\">3D-Zeichnung<\/span><span class=\"lqd-tabs-nav-desc d-block\">IMTL63<\/span><\/span><\/span><span class=\"lqd-tabs-nav-progress\"><span class=\"lqd-tabs-nav-progress-inner\"><\/span><\/span><\/a><\/li><li data-controls=\"lqd-tab-6704\" role=\"presentation\" class=\"elementor-repeater-item-4e656dd mb-5\"><a class=\"d-block\" href=\"#lqd-tab-6704\" aria-expanded=\"false\" aria-controls=\"lqd-tab-6704\" role=\"tab\" data-toggle=\"tab\"><span class=\"lqd-tabs-nav-icon d-flex align-items-center\"><span class=\"lqd-tabs-nav-icon-icon d-inline-flex align-items-center justify-content-center me-5 border-radius-circle\"><i aria-hidden=\"true\" class=\"fas fa-angle-double-right\"><\/i><\/span><span class=\"lqd-tabs-nav-content d-block\"><span class=\"d-block h3 mt-0 mb-2\">Montage<\/span><span class=\"lqd-tabs-nav-desc d-block\">IMTL63<\/span><\/span><\/span><span class=\"lqd-tabs-nav-progress\"><span class=\"lqd-tabs-nav-progress-inner\"><\/span><\/span><\/a><\/li><\/ul>\t\t\t\t\t\t\t<\/nav>\n\t\t\n\t\t\t<div class=\"lqd-tabs-content pos-rel\"><div id=\"lqd-tab-6701\" role=\"tabpanel\" class=\"lqd-tabs-pane fade active in\"><div class=\"overflow-x\"><div class=\"row\"><div class=\"col-md-6\"><table dir=\"ltr\" border=\"0\" cellspacing=\"0\" cellpadding=\"0\" data-sheets-root=\"1\"><colgroup> <col width=\"197\" \/> <col width=\"232\" \/><\/colgroup><tbody><tr><td data-sheets-value=\"{&quot;1&quot;:2,&quot;2&quot;:&quot;Silindir \u00d6l\u00e7\u00fcs\u00fc&quot;}\">\u00a0Zylinderabmessung<\/td><td data-sheets-value=\"{&quot;1&quot;:3,&quot;3&quot;:32}\">63<\/td><\/tr><tr><td data-sheets-value=\"{&quot;1&quot;:2,&quot;2&quot;:&quot;Kullan\u0131labilen Vida \u00d6l\u00e7\u00fcs\u00fc&quot;}\">\u00a0Verf\u00fcgbare Schraubengr\u00f6\u00dfe<\/td><td data-sheets-value=\"{&quot;1&quot;:2,&quot;2&quot;:&quot;2 - 5 - 10 - 12,7&quot;}\">5<\/td><\/tr><tr><td data-sheets-value=\"{&quot;1&quot;:2,&quot;2&quot;:&quot;Max Srok&quot;}\">Max. Standardhub<\/td><td data-sheets-value=\"{&quot;1&quot;:2,&quot;2&quot;:&quot;600 mm&quot;}\">600 mm<\/td><\/tr><tr><td data-sheets-value=\"{&quot;1&quot;:2,&quot;2&quot;:&quot;\u0130vmelenme&quot;}\">\u00a0Beschleunigung<\/td><td data-sheets-value=\"{&quot;1&quot;:2,&quot;2&quot;:&quot;12 m\/s2'ye Kadar&quot;}\">up to 12 m\/s\u00b2<\/td><\/tr><tr><td data-sheets-value=\"{&quot;1&quot;:2,&quot;2&quot;:&quot;Tekrarlanabilirlik&quot;}\">\u00a0Wiederholbarkeit<\/td><td data-sheets-value=\"{&quot;1&quot;:2,&quot;2&quot;:&quot;0.03 mm&quot;}\">&lt;0.03 mm<\/td><\/tr><tr><td data-sheets-value=\"{&quot;1&quot;:2,&quot;2&quot;:&quot;Koruma S\u0131n\u0131f\u0131&quot;}\">\u00a0Schutzklasse<\/td><td data-sheets-value=\"{&quot;1&quot;:2,&quot;2&quot;:&quot;IP54 - IP65 (Opsiyonel)&quot;}\">IP54 - IP65 (Option)<\/td><\/tr><tr><td data-sheets-value=\"{&quot;1&quot;:2,&quot;2&quot;:&quot;Montaj \u015eekli&quot;}\">\u00a0Montagemethode<\/td><td data-sheets-value=\"{&quot;1&quot;:2,&quot;2&quot;:&quot;Do\u011frudan veya Paralel&quot;}\">Inline or Parallel<\/td><\/tr><tr><td data-sheets-value=\"{&quot;1&quot;:2,&quot;2&quot;:&quot;Sertifikalar&quot;}\">Zertifikate<\/td><td data-sheets-value=\"{&quot;1&quot;:2,&quot;2&quot;:&quot;2006\/42\/EC Machine Directive&quot;}\">2006\/42\/EC Machine Directive<\/td><\/tr><\/tbody><\/table><\/div><div class=\"col-md-6\"><table style=\"width: 100%;\" border=\"0\" cellpadding=\"1\"><tbody><tr><td width=\"146\">Schraubensteigung<\/td><td width=\"114\">16x5<\/td><td width=\"114\">\u00a0<\/td><\/tr><tr><td width=\"146\">Dynamische Tragf\u00e4higkeit<\/td><td width=\"114\">\u00a08100 N<\/td><td>\u00a0<\/td><\/tr><tr><td width=\"146\">Statische Tragf\u00e4higkeit<\/td><td width=\"114\">\u00a012400 N<\/td><td>\u00a0<\/td><\/tr><tr><td width=\"146\">Max. Geschwindigkeit<\/td><td width=\"114\">\u00a0250 mm\/sn<\/td><td>\u00a0<\/td><\/tr><tr><td width=\"146\">Nennkraft<\/td><td width=\"114\">2000 N<\/td><td>\u00a0<\/td><\/tr><\/tbody><\/table><\/div><\/div><\/div><hr \/><p>* Drehzahlwerte beziehen sich auf 3000 U\/min.<br \/>* Kraft und Geschwindigkeit k\u00f6nnen je nach verwendetem Motor variieren.<\/p> <\/div><div id=\"lqd-tab-6702\" role=\"tabpanel\" class=\"lqd-tabs-pane fade\"><p><img decoding=\"async\" class=\"aligncenter wp-image-3858 size-full\" src=\"http:\/\/www.electriccylinder.net\/de\/wp-content\/uploads\/2024\/07\/IMTL_I63.png\" alt=\"\" width=\"1213\" height=\"525\" srcset=\"https:\/\/www.electriccylinder.net\/de\/wp-content\/uploads\/2024\/07\/IMTL_I63.png 1213w, https:\/\/www.electriccylinder.net\/de\/wp-content\/uploads\/2024\/07\/IMTL_I63-300x130.png 300w, https:\/\/www.electriccylinder.net\/de\/wp-content\/uploads\/2024\/07\/IMTL_I63-1024x443.png 1024w\" sizes=\"(max-width: 1213px) 100vw, 1213px\" \/><\/p><table width=\"1131\"><tbody><tr><td style=\"text-align: center;\" width=\"87\"><p><b>A<\/b><\/p><\/td><td style=\"text-align: center;\" width=\"87\"><p><b>B<\/b><\/p><\/td><td style=\"text-align: center;\" width=\"87\"><p><b>C<\/b><\/p><\/td><td style=\"text-align: center;\" width=\"87\"><p><b>D<\/b><\/p><\/td><td style=\"text-align: center;\" width=\"87\"><p><b>E<\/b><\/p><\/td><td style=\"text-align: center;\" width=\"87\"><p><b>F<\/b><\/p><\/td><td style=\"text-align: center;\" width=\"87\"><p><b>G<\/b><\/p><\/td><td style=\"text-align: center;\" width=\"174\"><p><b>H<\/b><\/p><\/td><td style=\"text-align: center;\" width=\"87\"><p><b>I<\/b><\/p><\/td><td style=\"text-align: center;\" width=\"87\"><p><b>J<\/b><\/p><\/td><td style=\"text-align: center;\" width=\"87\"><p><b>K<\/b><\/p><\/td><td width=\"87\"><p style=\"text-align: center;\"><b>L<\/b><\/p><\/td><\/tr><tr><td width=\"87\"><p style=\"text-align: center;\">96<\/p><\/td><td style=\"text-align: center;\" width=\"87\"><p>88<\/p><\/td><td style=\"text-align: center;\" width=\"87\"><p>11<\/p><\/td><td style=\"text-align: center;\" width=\"87\"><p>8<\/p><\/td><td style=\"text-align: center;\" width=\"87\"><p>32<\/p><\/td><td style=\"text-align: center;\" width=\"87\"><p>32<\/p><\/td><td style=\"text-align: center;\" width=\"87\"><p>27<\/p><\/td><td style=\"text-align: center;\" width=\"174\"><p>M16x1,5<\/p><\/td><td style=\"text-align: center;\" width=\"87\"><p>75<\/p><\/td><td style=\"text-align: center;\" width=\"87\"><p>56,5<\/p><\/td><td style=\"text-align: center;\" width=\"87\"><p>M8<\/p><\/td><td style=\"text-align: center;\" width=\"87\"><p>80<\/p><\/td><\/tr><\/tbody><\/table><p><img decoding=\"async\" class=\"aligncenter wp-image-3859 size-full\" src=\"http:\/\/www.electriccylinder.net\/de\/wp-content\/uploads\/2024\/07\/IMTL_G63.png\" alt=\"\" width=\"1205\" height=\"607\" srcset=\"https:\/\/www.electriccylinder.net\/de\/wp-content\/uploads\/2024\/07\/IMTL_G63.png 1205w, https:\/\/www.electriccylinder.net\/de\/wp-content\/uploads\/2024\/07\/IMTL_G63-300x151.png 300w, https:\/\/www.electriccylinder.net\/de\/wp-content\/uploads\/2024\/07\/IMTL_G63-1024x516.png 1024w\" sizes=\"(max-width: 1205px) 100vw, 1205px\" \/><\/p><table width=\"1131\"><tbody><tr><td width=\"81\"><p style=\"text-align: center;\"><b>A<\/b><\/p><\/td><td style=\"text-align: center;\" width=\"81\"><p><b>B<\/b><\/p><\/td><td style=\"text-align: center;\" width=\"81\"><p><b>C<\/b><\/p><\/td><td style=\"text-align: center;\" width=\"81\"><p><b>D<\/b><\/p><\/td><td style=\"text-align: center;\" width=\"81\"><p><b>E<\/b><\/p><\/td><td style=\"text-align: center;\" width=\"81\"><p><b>F<\/b><\/p><\/td><td style=\"text-align: center;\" width=\"81\"><p><b>G<\/b><\/p><\/td><td style=\"text-align: center;\" width=\"162\"><p><b>H<\/b><\/p><\/td><td style=\"text-align: center;\" width=\"81\"><p><b>I<\/b><\/p><\/td><td style=\"text-align: center;\" width=\"81\"><p><b>J<\/b><\/p><\/td><td style=\"text-align: center;\" width=\"81\"><p><b>K<\/b><\/p><\/td><td style=\"text-align: center;\" width=\"81\"><p><b>L<\/b><\/p><\/td><td width=\"81\"><p style=\"text-align: center;\"><b>M<\/b><\/p><\/td><\/tr><tr><td width=\"81\"><p style=\"text-align: center;\">96<\/p><\/td><td style=\"text-align: center;\" width=\"81\"><p>47<\/p><\/td><td style=\"text-align: center;\" width=\"81\"><p>11<\/p><\/td><td style=\"text-align: center;\" width=\"81\"><p>8<\/p><\/td><td style=\"text-align: center;\" width=\"81\"><p>32<\/p><\/td><td style=\"text-align: center;\" width=\"81\"><p>32<\/p><\/td><td style=\"text-align: center;\" width=\"81\"><p>27<\/p><\/td><td style=\"text-align: center;\" width=\"162\"><p>M16x1,5<\/p><\/td><td style=\"text-align: center;\" width=\"81\"><p>75<\/p><\/td><td style=\"text-align: center;\" width=\"81\"><p>56,5<\/p><\/td><td style=\"text-align: center;\" width=\"81\"><p>M8<\/p><\/td><td style=\"text-align: center;\" width=\"81\"><p>163<\/p><\/td><td width=\"81\"><p style=\"text-align: center;\">84<\/p><\/td><\/tr><\/tbody><\/table><p>*Stroke<\/p> <\/div><div id=\"lqd-tab-6703\" role=\"tabpanel\" class=\"lqd-tabs-pane fade\"><p>Sie k\u00f6nnen die Beispielanwendungs-3D-Dateien (stl) \u00fcber den folgenden Link herunterladen \u2026<\/p><table width=\"324\"><tbody><tr><td width=\"130\">Inline<\/td><td width=\"64\">\u00a0<\/td><td width=\"130\">Paralel<\/td><\/tr><tr><td><a href=\"https:\/\/drive.google.com\/open?id=1uaMAEEU5CuM3dxCdOSqwweHmgSkh3_-i&amp;usp=drive_fs\">IMTL.63.50.16.5.L<\/a><\/td><td>\u00a0<\/td><td><a href=\"https:\/\/drive.google.com\/open?id=1yyBwgtCB9VIWALmQ12zF5rHaImvWiU-S&amp;usp=drive_fs\">IMTL.63.50.16.5.G<\/a><\/td><\/tr><tr><td><a href=\"https:\/\/drive.google.com\/open?id=1uO_MLTbziDbBNBS9kXANe_RJaC_j7n6B&amp;usp=drive_fs\">IMTL.63.100.16.5.L<\/a><\/td><td>\u00a0<\/td><td><a href=\"https:\/\/drive.google.com\/open?id=1wcPQkX5TCrquLHinn68d1QEgQsrBYJAJ&amp;usp=drive_fs\">IMTL.63.90.16.5.G<\/a><\/td><\/tr><tr><td><a href=\"https:\/\/drive.google.com\/open?id=1u_GpN98IiJDVMRVQXbBd-Ovcm61fx82H&amp;usp=drive_fs\">IMTL.63.200.16.5.L<\/a><\/td><td>\u00a0<\/td><td><a href=\"https:\/\/drive.google.com\/open?id=1yvU_7H2VMcpVns6DJhB2g9CI7soIGpmp&amp;usp=drive_fs\">IMTL.63.100.16.5.G<\/a><\/td><\/tr><tr><td><a href=\"https:\/\/drive.google.com\/open?id=1ueXcn8hT6UsysLcAGvRj36Tn15pD8PB0&amp;usp=drive_fs\">IMTL.63.250.16.5.L<\/a><\/td><td>\u00a0<\/td><td><a href=\"https:\/\/drive.google.com\/open?id=1whQAWr6p29tvb0bt9OZvAm8xrM9kvUI7&amp;usp=drive_fs\">IMTL.63.190.16.5.G<\/a><\/td><\/tr><tr><td><a href=\"https:\/\/drive.google.com\/open?id=1uWj1QRHjgINV77ArB8uMDzb9d_0hmVZj&amp;usp=drive_fs\">IMTL.63.300.16.5.L<\/a><\/td><td>\u00a0<\/td><td><a href=\"https:\/\/drive.google.com\/open?id=1yvkRjHa4C0aKldOrG-B4n1IAb1aEr8Ck&amp;usp=drive_fs\">IMTL.63.300.16.5.G<\/a><\/td><\/tr><tr><td><a href=\"https:\/\/drive.google.com\/open?id=1ufQzQfs4Uwb0A6TvJ9Z8Yl-kXYvHFnxw&amp;usp=drive_fs\">IMTL.63.400.16.5.L<\/a><\/td><td>\u00a0<\/td><td>\u00a0<\/td><\/tr><tr><td><a href=\"https:\/\/drive.google.com\/open?id=1uOz_FdNxh7SPPfdk4T-YVngIWgilQ4QV&amp;usp=drive_fs\">IMTL.63.500.16.5.L<\/a><\/td><td>\u00a0<\/td><td>\u00a0<\/td><\/tr><\/tbody><\/table> <\/div><div id=\"lqd-tab-6704\" role=\"tabpanel\" class=\"lqd-tabs-pane fade\"><p><img loading=\"lazy\" decoding=\"async\" class=\"aligncenter wp-image-3383 size-full\" src=\"http:\/\/www.electriccylinder.net\/de\/wp-content\/uploads\/2024\/02\/Montaj_Ekipmanlari.webp\" alt=\"\" width=\"946\" height=\"785\" srcset=\"https:\/\/www.electriccylinder.net\/de\/wp-content\/uploads\/2024\/02\/Montaj_Ekipmanlari.webp 946w, https:\/\/www.electriccylinder.net\/de\/wp-content\/uploads\/2024\/02\/Montaj_Ekipmanlari-300x249.webp 300w\" sizes=\"(max-width: 946px) 100vw, 946px\" \/><\/p> <\/div><\/div>\t\t\n\t\t<\/div>\n\t\t\t\t\t<\/div>\n\t\t\t\t<\/div>\n\t\t\t\t\t<\/div>\n\t\t\t\t<\/div>\n\t\t\t\t<\/div>\n\t\t","protected":false},"excerpt":{"rendered":"<p>Home IMTL63 Elektrozylinder Es wird gem\u00e4\u00df den ISO1552-Pneumatikzylinderabmessungen als Standard hergestellt, und je nach gew\u00fcnschter Geschwindigkeit und Kraft k\u00f6nnen viele verschiedene Schrittmotoren oder Servomotoren angeschlossen werden. Befestigungselemente, die in pneumatischen Zylindern verwendet werden, k\u00f6nnen auch in elektrischen Zylindern verwendet werden. Standard-Kanaltyp-Sensoren k\u00f6nnen verwendet werden. Produkte k\u00f6nnen in verschiedenen Steigungen hergestellt werden, die spezifisch f\u00fcr Ihre [&hellip;]<\/p>\n","protected":false},"author":1,"featured_media":0,"parent":0,"menu_order":0,"comment_status":"closed","ping_status":"closed","template":"","meta":{"inline_featured_image":false,"footnotes":""},"class_list":["post-3844","page","type-page","status-publish","hentry"],"_links":{"self":[{"href":"https:\/\/www.electriccylinder.net\/de\/wp-json\/wp\/v2\/pages\/3844","targetHints":{"allow":["GET"]}}],"collection":[{"href":"https:\/\/www.electriccylinder.net\/de\/wp-json\/wp\/v2\/pages"}],"about":[{"href":"https:\/\/www.electriccylinder.net\/de\/wp-json\/wp\/v2\/types\/page"}],"author":[{"embeddable":true,"href":"https:\/\/www.electriccylinder.net\/de\/wp-json\/wp\/v2\/users\/1"}],"replies":[{"embeddable":true,"href":"https:\/\/www.electriccylinder.net\/de\/wp-json\/wp\/v2\/comments?post=3844"}],"version-history":[{"count":25,"href":"https:\/\/www.electriccylinder.net\/de\/wp-json\/wp\/v2\/pages\/3844\/revisions"}],"predecessor-version":[{"id":3890,"href":"https:\/\/www.electriccylinder.net\/de\/wp-json\/wp\/v2\/pages\/3844\/revisions\/3890"}],"wp:attachment":[{"href":"https:\/\/www.electriccylinder.net\/de\/wp-json\/wp\/v2\/media?parent=3844"}],"curies":[{"name":"wp","href":"https:\/\/api.w.org\/{rel}","templated":true}]}}