{"id":1037,"date":"2023-08-30T13:40:16","date_gmt":"2023-08-30T13:40:16","guid":{"rendered":"https:\/\/www.electriccylinder.net\/de\/?page_id=1037"},"modified":"2024-03-15T00:34:59","modified_gmt":"2024-03-15T00:34:59","slug":"imt32-elektrozylinder","status":"publish","type":"page","link":"https:\/\/www.electriccylinder.net\/de\/imt32-elektrozylinder\/","title":{"rendered":"IMT32 Elektrozylinder"},"content":{"rendered":"\t\t<div data-elementor-type=\"wp-page\" data-elementor-id=\"1037\" class=\"elementor elementor-1037\">\n\t\t\t\t<div class=\"elementor-element elementor-element-e1fe456 e-flex e-con-boxed e-con e-parent\" data-id=\"e1fe456\" data-element_type=\"container\" data-settings=\"{&quot;background_background&quot;:&quot;classic&quot;}\">\n\t\t\t\t\t<div class=\"e-con-inner\">\n\t\t\t\t<div class=\"elementor-element elementor-element-26e7c24 elementor-widget elementor-widget-ld_breadcrumb\" data-id=\"26e7c24\" data-element_type=\"widget\" data-widget_type=\"ld_breadcrumb.default\">\n\t\t\t\t<div class=\"elementor-widget-container\">\n\t\t\t\t\t<div class=\"lqd-breadcrumb-wrapper\"><nav role=\"navigation\" aria-label=\"Breadcrumbs\" class=\"breadcrumbs\"><ol class=\"breadcrumb reset-ul inline-nav inline-ul comma-sep-li\"><li class=\"breadcrumb-item active\"><a href=\"https:\/\/www.electriccylinder.net\/de\" rel=\"home\"><span>Home<\/span><\/a><\/li><\/ol><\/nav><\/div>\t\t\t\t<\/div>\n\t\t\t\t<\/div>\n\t\t\t\t\t<\/div>\n\t\t\t\t<\/div>\n\t\t<div class=\"elementor-element elementor-element-70f8a10 e-flex e-con-boxed e-con e-parent\" data-id=\"70f8a10\" data-element_type=\"container\">\n\t\t\t\t\t<div class=\"e-con-inner\">\n\t\t<div class=\"elementor-element elementor-element-c6778e4 e-con-full e-flex e-con e-child\" data-id=\"c6778e4\" data-element_type=\"container\">\n\t\t\t\t<div class=\"elementor-element elementor-element-5803e5d elementor-widget elementor-widget-image\" data-id=\"5803e5d\" data-element_type=\"widget\" data-widget_type=\"image.default\">\n\t\t\t\t<div class=\"elementor-widget-container\">\n\t\t\t\t\t\t\t\t\t\t\t\t\t\t\t<img fetchpriority=\"high\" decoding=\"async\" width=\"500\" height=\"500\" src=\"https:\/\/www.electriccylinder.net\/de\/wp-content\/uploads\/2024\/02\/imt-32-silindir.webp\" class=\"attachment-large size-large wp-image-2364\" alt=\"\" srcset=\"https:\/\/www.electriccylinder.net\/de\/wp-content\/uploads\/2024\/02\/imt-32-silindir.webp 500w, https:\/\/www.electriccylinder.net\/de\/wp-content\/uploads\/2024\/02\/imt-32-silindir-300x300.webp 300w, https:\/\/www.electriccylinder.net\/de\/wp-content\/uploads\/2024\/02\/imt-32-silindir-150x150.webp 150w, https:\/\/www.electriccylinder.net\/de\/wp-content\/uploads\/2024\/02\/imt-32-silindir-320x320.webp 320w\" sizes=\"(max-width: 500px) 100vw, 500px\" \/>\t\t\t\t\t\t\t\t\t\t\t\t\t\t\t<\/div>\n\t\t\t\t<\/div>\n\t\t\t\t<\/div>\n\t\t<div class=\"elementor-element elementor-element-0e93c52 e-con-full e-flex e-con e-child\" data-id=\"0e93c52\" data-element_type=\"container\">\n\t\t<div class=\"elementor-element elementor-element-09a0eeb e-flex e-con-boxed e-con e-child\" data-id=\"09a0eeb\" data-element_type=\"container\">\n\t\t\t\t\t<div class=\"e-con-inner\">\n\t\t\t\t\t<\/div>\n\t\t\t\t<\/div>\n\t\t<div class=\"elementor-element elementor-element-2a20305 e-flex e-con-boxed e-con e-child\" data-id=\"2a20305\" data-element_type=\"container\">\n\t\t\t\t\t<div class=\"e-con-inner\">\n\t\t\t\t<div class=\"elementor-element elementor-element-cfcbbfd elementor-widget elementor-widget-heading\" data-id=\"cfcbbfd\" data-element_type=\"widget\" data-widget_type=\"heading.default\">\n\t\t\t\t<div class=\"elementor-widget-container\">\n\t\t\t\t\t<h4 class=\"elementor-heading-title elementor-size-default\">IMT32 Elektrozylinder<\/h4>\t\t\t\t<\/div>\n\t\t\t\t<\/div>\n\t\t\t\t<div class=\"elementor-element elementor-element-798a333 elementor-widget elementor-widget-text-editor\" data-id=\"798a333\" data-element_type=\"widget\" data-widget_type=\"text-editor.default\">\n\t\t\t\t<div class=\"elementor-widget-container\">\n\t\t\t\t\t\t\t\t\t<p>Es wird gem\u00e4\u00df den ISO1552-Pneumatikzylinderabmessungen als Standard hergestellt, und je nach gew\u00fcnschter Geschwindigkeit und Kraft k\u00f6nnen viele verschiedene Schrittmotoren oder Servomotoren angeschlossen werden.<\/p><p>Befestigungselemente, die in pneumatischen Zylindern verwendet werden, k\u00f6nnen auch in elektrischen Zylindern verwendet werden.<\/p><p>Standard-Kanaltyp-Sensoren k\u00f6nnen verwendet werden.<\/p><p>Produkte k\u00f6nnen in verschiedenen Steigungen hergestellt werden, die spezifisch f\u00fcr Ihre Anwendung sind.<\/p>\t\t\t\t\t\t\t\t<\/div>\n\t\t\t\t<\/div>\n\t\t\t\t<div class=\"elementor-element elementor-element-f400d88 elementor-widget elementor-widget-ld_button\" data-id=\"f400d88\" data-element_type=\"widget\" data-widget_type=\"ld_button.default\">\n\t\t\t\t<div class=\"elementor-widget-container\">\n\t\t\t\t\t\n\t\t\t<a\n\t\t\t\thref=\"#teknik\"class=\"elementor-button btn btn-solid btn-icon-left btn-has-label\"\t\t\t>\n\t\t\t\t\t\t\t\t\t<span data-text=\"Technische Daten\" class=\"btn-txt\">\n\t\t\t\t\t\tTechnische Daten\t\t\t\t\t<\/span>\n\t\t\t\t\t\t\t\t\t\t\t\t\t\t<span class=\"btn-icon\">\n\t\t\t\t\t\t\t<i aria-hidden=\"true\" class=\"far fa-paper-plane\"><\/i>\t\t\t\t\t\t<\/span>\n\t\t\t\t\t\t\t\t\t<\/a>\n\t\t\t\t\t\t\t<\/div>\n\t\t\t\t<\/div>\n\t\t\t\t\t<\/div>\n\t\t\t\t<\/div>\n\t\t\t\t<\/div>\n\t\t\t\t\t<\/div>\n\t\t\t\t<\/div>\n\t\t<div class=\"elementor-element elementor-element-dd05fb7 elementor-hidden-tablet elementor-hidden-mobile e-flex e-con-boxed e-con e-parent\" data-id=\"dd05fb7\" data-element_type=\"container\">\n\t\t\t\t\t<div class=\"e-con-inner\">\n\t\t\t\t<div class=\"elementor-element elementor-element-d15b550 elementor-cta--layout-image-right elementor-cta--skin-classic elementor-animated-content elementor-bg-transform elementor-bg-transform-zoom-in elementor-widget elementor-widget-call-to-action\" data-id=\"d15b550\" data-element_type=\"widget\" data-widget_type=\"call-to-action.default\">\n\t\t\t\t<div class=\"elementor-widget-container\">\n\t\t\t\t\t\t\t<div class=\"elementor-cta\">\n\t\t\t\t\t<div class=\"elementor-cta__bg-wrapper\">\n\t\t\t\t<div class=\"elementor-cta__bg elementor-bg\" style=\"background-image: url(https:\/\/www.electriccylinder.net\/de\/wp-content\/uploads\/2024\/02\/imt-50_3.webp);\"><\/div>\n\t\t\t\t<div class=\"elementor-cta__bg-overlay\"><\/div>\n\t\t\t<\/div>\n\t\t\t\t\t\t\t<div class=\"elementor-cta__content\">\n\t\t\t\t\n\t\t\t\t<h2 class=\"elementor-cta__title elementor-cta__content-item elementor-content-item\">Produkt Erstellen<\/h2>\n\t\t\t\t\t\t\t\t\t<div class=\"elementor-cta__description elementor-cta__content-item elementor-content-item\">\n\t\t\t\t\t\tProdukt erstellenBereiten Sie eine Bestellung f\u00fcr Elektrozylinder mit den f\u00fcr Ihre Maschine und Ihre Anforderungen spezifischen Empfindlichkeits- und Leistungsoptionen vor.\t\t\t\t\t<\/div>\n\t\t\t\t\n\t\t\t\t\t\t\t\t\t<div class=\"elementor-cta__button-wrapper elementor-cta__content-item elementor-content-item \">\n\t\t\t\t\t<a class=\"elementor-cta__button elementor-button elementor-size-sm\" href=\"https:\/\/www.electriccylinder.net\/de\/produkt-erstellen\/\">\n\t\t\t\t\t\tProdukt Erstellen\t\t\t\t\t<\/a>\n\t\t\t\t\t<\/div>\n\t\t\t\t\t\t\t<\/div>\n\t\t\t\t\t\t<\/div>\n\t\t\t\t\t\t<\/div>\n\t\t\t\t<\/div>\n\t\t\t\t\t<\/div>\n\t\t\t\t<\/div>\n\t\t<div class=\"elementor-element elementor-element-6763cae e-flex e-con-boxed e-con e-parent\" data-id=\"6763cae\" data-element_type=\"container\">\n\t\t\t\t\t<div class=\"e-con-inner\">\n\t\t\t\t<div class=\"elementor-element elementor-element-dbf68b4 elementor-widget elementor-widget-menu-anchor\" data-id=\"dbf68b4\" data-element_type=\"widget\" data-widget_type=\"menu-anchor.default\">\n\t\t\t\t<div class=\"elementor-widget-container\">\n\t\t\t\t\t\t\t<div class=\"elementor-menu-anchor\" id=\"teknik\"><\/div>\n\t\t\t\t\t\t<\/div>\n\t\t\t\t<\/div>\n\t\t\t\t<div class=\"elementor-element elementor-element-693b335 elementor-widget elementor-widget-ld_tabs\" data-id=\"693b335\" data-element_type=\"widget\" data-widget_type=\"ld_tabs.default\">\n\t\t\t\t<div class=\"elementor-widget-container\">\n\t\t\t\t\t\t\t<div class=\"lqd-tabs lqd-tabs-style-2 lqd-tabs-nav-iconbox d-flex lqd-tabs-nav-items-not-expanded flex-column 693b335 lqd-nav-underline-\" data-tabs-options=\"{&quot;trigger&quot;:&quot;click&quot;}\">\n\t\t\n\t\t\t<nav class=\"lqd-tabs-nav-wrap\">\n\t\t\t\t<ul class=\"reset-ul lqd-tabs-nav d-flex align-items-center justify-content-between flex-wrap pos-rel\" role=\"tablist\"><li data-controls=\"lqd-tab-1101\" role=\"presentation\" class=\"elementor-repeater-item-cce684e active mb-5\"><a class=\"d-block\" href=\"#lqd-tab-1101\" aria-expanded=\"false\" aria-controls=\"lqd-tab-1101\" role=\"tab\" data-toggle=\"tab\"><span class=\"lqd-tabs-nav-icon d-flex align-items-center\"><span class=\"lqd-tabs-nav-icon-icon d-inline-flex align-items-center justify-content-center me-5 border-radius-circle\"><i aria-hidden=\"true\" class=\"fas fa-angle-double-right\"><\/i><\/span><span class=\"lqd-tabs-nav-content d-block\"><span class=\"d-block h3 mt-0 mb-2\">Technische Daten<\/span><span class=\"lqd-tabs-nav-desc d-block\">IMT32<\/span><\/span><\/span><span class=\"lqd-tabs-nav-progress\"><span class=\"lqd-tabs-nav-progress-inner\"><\/span><\/span><\/a><\/li><li data-controls=\"lqd-tab-1102\" role=\"presentation\" class=\"elementor-repeater-item-119c216 mb-5\"><a class=\"d-block\" href=\"#lqd-tab-1102\" aria-expanded=\"false\" aria-controls=\"lqd-tab-1102\" role=\"tab\" data-toggle=\"tab\"><span class=\"lqd-tabs-nav-icon d-flex align-items-center\"><span class=\"lqd-tabs-nav-icon-icon d-inline-flex align-items-center justify-content-center me-5 border-radius-circle\"><i aria-hidden=\"true\" class=\"fas fa-angle-double-right\"><\/i><\/span><span class=\"lqd-tabs-nav-content d-block\"><span class=\"d-block h3 mt-0 mb-2\">Ma\u00dfe<\/span><span class=\"lqd-tabs-nav-desc d-block\">IMT32<\/span><\/span><\/span><span class=\"lqd-tabs-nav-progress\"><span class=\"lqd-tabs-nav-progress-inner\"><\/span><\/span><\/a><\/li><li data-controls=\"lqd-tab-1103\" role=\"presentation\" class=\"elementor-repeater-item-b1dfe4d mb-5\"><a class=\"d-block\" href=\"#lqd-tab-1103\" aria-expanded=\"false\" aria-controls=\"lqd-tab-1103\" role=\"tab\" data-toggle=\"tab\"><span class=\"lqd-tabs-nav-icon d-flex align-items-center\"><span class=\"lqd-tabs-nav-icon-icon d-inline-flex align-items-center justify-content-center me-5 border-radius-circle\"><i aria-hidden=\"true\" class=\"fas fa-angle-double-right\"><\/i><\/span><span class=\"lqd-tabs-nav-content d-block\"><span class=\"d-block h3 mt-0 mb-2\">3D-Zeichnung<\/span><span class=\"lqd-tabs-nav-desc d-block\">IMT32<\/span><\/span><\/span><span class=\"lqd-tabs-nav-progress\"><span class=\"lqd-tabs-nav-progress-inner\"><\/span><\/span><\/a><\/li><li data-controls=\"lqd-tab-1104\" role=\"presentation\" class=\"elementor-repeater-item-4e656dd mb-5\"><a class=\"d-block\" href=\"#lqd-tab-1104\" aria-expanded=\"false\" aria-controls=\"lqd-tab-1104\" role=\"tab\" data-toggle=\"tab\"><span class=\"lqd-tabs-nav-icon d-flex align-items-center\"><span class=\"lqd-tabs-nav-icon-icon d-inline-flex align-items-center justify-content-center me-5 border-radius-circle\"><i aria-hidden=\"true\" class=\"fas fa-angle-double-right\"><\/i><\/span><span class=\"lqd-tabs-nav-content d-block\"><span class=\"d-block h3 mt-0 mb-2\">Montage<\/span><span class=\"lqd-tabs-nav-desc d-block\">IMT32<\/span><\/span><\/span><span class=\"lqd-tabs-nav-progress\"><span class=\"lqd-tabs-nav-progress-inner\"><\/span><\/span><\/a><\/li><\/ul>\t\t\t\t\t\t\t<\/nav>\n\t\t\n\t\t\t<div class=\"lqd-tabs-content pos-rel\"><div id=\"lqd-tab-1101\" role=\"tabpanel\" class=\"lqd-tabs-pane fade active in\"><div class=\"overflow-x\"><div class=\"row\"><div class=\"col-md-6\"><table dir=\"ltr\" border=\"0\" cellspacing=\"0\" cellpadding=\"0\" data-sheets-root=\"1\"><colgroup> <col width=\"197\" \/> <col width=\"232\" \/><\/colgroup><tbody><tr><td data-sheets-value=\"{&quot;1&quot;:2,&quot;2&quot;:&quot;Silindir \u00d6l\u00e7\u00fcs\u00fc&quot;}\">\u00a0Zylinderabmessung<\/td><td data-sheets-value=\"{&quot;1&quot;:3,&quot;3&quot;:32}\">32<\/td><\/tr><tr><td data-sheets-value=\"{&quot;1&quot;:2,&quot;2&quot;:&quot;Kullan\u0131labilen Vida \u00d6l\u00e7\u00fcs\u00fc&quot;}\">\u00a0Verf\u00fcgbare Schraubengr\u00f6\u00dfe<\/td><td data-sheets-value=\"{&quot;1&quot;:2,&quot;2&quot;:&quot;2 - 5 - 10 - 12,7&quot;}\">2 - 5 - 10 - 12,7<\/td><\/tr><tr><td data-sheets-value=\"{&quot;1&quot;:2,&quot;2&quot;:&quot;Max Srok&quot;}\">\u00a0Max. Standardhub<\/td><td data-sheets-value=\"{&quot;1&quot;:2,&quot;2&quot;:&quot;600 mm&quot;}\">600 mm<\/td><\/tr><tr><td data-sheets-value=\"{&quot;1&quot;:2,&quot;2&quot;:&quot;\u0130vmelenme&quot;}\">Beschleunigung<\/td><td data-sheets-value=\"{&quot;1&quot;:2,&quot;2&quot;:&quot;12 m\/s2'ye Kadar&quot;}\">up to 12 m\/s\u00b2<\/td><\/tr><tr><td data-sheets-value=\"{&quot;1&quot;:2,&quot;2&quot;:&quot;Tekrarlanabilirlik&quot;}\">\u00a0Wiederholbarkeit<\/td><td data-sheets-value=\"{&quot;1&quot;:2,&quot;2&quot;:&quot;0.03 mm&quot;}\">&lt;0.03 mm<\/td><\/tr><tr><td data-sheets-value=\"{&quot;1&quot;:2,&quot;2&quot;:&quot;Koruma S\u0131n\u0131f\u0131&quot;}\">\u00a0Schutzklasse<\/td><td data-sheets-value=\"{&quot;1&quot;:2,&quot;2&quot;:&quot;IP54 - IP65 (Opsiyonel)&quot;}\">IP54 - IP65 (Option)<\/td><\/tr><tr><td data-sheets-value=\"{&quot;1&quot;:2,&quot;2&quot;:&quot;Montaj \u015eekli&quot;}\">\u00a0Montagemethode<\/td><td data-sheets-value=\"{&quot;1&quot;:2,&quot;2&quot;:&quot;Do\u011frudan veya Paralel&quot;}\">Inline or Parallel<\/td><\/tr><tr><td data-sheets-value=\"{&quot;1&quot;:2,&quot;2&quot;:&quot;Sertifikalar&quot;}\">Zertifikate<\/td><td data-sheets-value=\"{&quot;1&quot;:2,&quot;2&quot;:&quot;2006\/42\/EC Machine Directive&quot;}\">2006\/42\/EC Machine Directive<\/td><\/tr><\/tbody><\/table><\/div><div class=\"col-md-6\"><table style=\"width: 100%;\" border=\"0\" cellpadding=\"1\"><tbody><tr style=\"height: 20px;\"><td style=\"height: 20px;\">Schraubensteigung<\/td><td style=\"height: 20px;\">\u00a012x2<\/td><td style=\"height: 20px;\">12x5<\/td><td style=\"height: 20px;\">12x10<\/td><td style=\"height: 20px;\">12x12,7<\/td><\/tr><tr style=\"height: 20px;\"><td style=\"height: 20px;\">Dynamische Tragf\u00e4higkeit<\/td><td style=\"height: 20px;\">\u00a02000 N<\/td><td style=\"height: 20px;\">\u00a05000 N<\/td><td style=\"height: 20px;\">\u00a04400 N<\/td><td style=\"height: 20px;\">\u00a08000 N<\/td><\/tr><tr style=\"height: 20px;\"><td style=\"height: 20px;\">Statische Tragf\u00e4higkeit<\/td><td style=\"height: 20px;\">\u00a040000 N<\/td><td style=\"height: 20px;\">\u00a08600 N<\/td><td style=\"height: 20px;\">\u00a07700 N<\/td><td style=\"height: 20px;\">\u00a015500 N<\/td><\/tr><tr style=\"height: 20px;\"><td style=\"height: 20px;\">Max. Geschwindigkeit<\/td><td style=\"height: 20px;\">\u00a0100 mm\/sn<\/td><td style=\"height: 20px;\">\u00a0250 mm\/sn<\/td><td style=\"height: 20px;\">\u00a0500 mm\/sn<\/td><td style=\"height: 20px;\">\u00a0635 mm\/sn<\/td><\/tr><tr style=\"height: 20px;\"><td style=\"height: 20px;\">Nennkraft<\/td><td style=\"height: 20px;\">\u00a0500 N<\/td><td style=\"height: 20px;\">\u00a0500 N<\/td><td style=\"height: 20px;\">\u00a0500 N<\/td><td style=\"height: 20px;\">\u00a0500 N<\/td><\/tr><\/tbody><\/table><\/div><\/div><\/div><hr \/><p>* Drehzahlwerte beziehen sich auf 3000 U\/min.<br \/>* Kraft und Geschwindigkeit k\u00f6nnen je nach verwendetem Motor variieren.<\/p> <\/div><div id=\"lqd-tab-1102\" role=\"tabpanel\" class=\"lqd-tabs-pane fade\"><p><img decoding=\"async\" class=\"alignnone wp-image-2475 size-full\" src=\"http:\/\/www.electriccylinder.net\/de\/wp-content\/uploads\/2024\/02\/imt-32-silindir-olcu.webp\" alt=\"\" width=\"1222\" height=\"464\" srcset=\"https:\/\/www.electriccylinder.net\/de\/wp-content\/uploads\/2024\/02\/imt-32-silindir-olcu.webp 1222w, https:\/\/www.electriccylinder.net\/de\/wp-content\/uploads\/2024\/02\/imt-32-silindir-olcu-300x114.webp 300w, https:\/\/www.electriccylinder.net\/de\/wp-content\/uploads\/2024\/02\/imt-32-silindir-olcu-1024x389.webp 1024w\" sizes=\"(max-width: 1222px) 100vw, 1222px\" \/><\/p><p>*Stork variiert je nach gew\u00e4hlter Motorleistung.<\/p><div class=\"overflow-x\"><table class=\"ct\" style=\"border-collapse: collapse; width: 100%;\" border=\"0\" cellspacing=\"0\" cellpadding=\"0\"><tbody><tr style=\"height: 14.4pt;\"><td class=\"xl67\" style=\"height: 14.4pt; width: 48pt;\" width=\"64\" height=\"19\">A<\/td><td class=\"xl67\" style=\"width: 48pt;\" width=\"64\">B<\/td><td class=\"xl67\" style=\"width: 48pt;\" width=\"64\">C<\/td><td class=\"xl67\" style=\"width: 48pt;\" width=\"64\">D<\/td><td class=\"xl67\" style=\"width: 48pt;\" width=\"64\">E<\/td><td class=\"xl67\" style=\"width: 48pt;\" width=\"64\">F<\/td><td class=\"xl67\" style=\"width: 48pt;\" width=\"64\">G<\/td><td class=\"xl67\" style=\"width: 48pt;\" width=\"64\">I<\/td><td class=\"xl67\" style=\"width: 48pt;\" width=\"64\">M<\/td><td class=\"xl67\" style=\"width: 48pt;\" width=\"64\">N<\/td><td class=\"xl67\" style=\"width: 48pt;\" width=\"64\">O<\/td><td class=\"xl67\" style=\"width: 48pt;\" width=\"64\">X<\/td><td class=\"xl67\" style=\"width: 48pt;\" width=\"64\">Y<\/td><td class=\"xl67\" style=\"width: 48pt;\" width=\"64\">Z<\/td><\/tr><tr style=\"height: 28.8pt;\"><td class=\"xl66\" style=\"height: 28.8pt; width: 48pt;\" width=\"64\" height=\"38\">70<\/td><td class=\"xl66\" style=\"width: 48pt;\" width=\"64\">25<\/td><td class=\"xl66\" style=\"width: 48pt;\" width=\"64\">25<\/td><td class=\"xl66\" style=\"width: 48pt;\" width=\"64\">29,5<\/td><td class=\"xl66\" style=\"width: 48pt;\" width=\"64\">20<\/td><td class=\"xl66\" style=\"width: 48pt;\" width=\"64\">M10X1,25<\/td><td class=\"xl66\" style=\"width: 48pt;\" width=\"64\">22<\/td><td class=\"xl66\" style=\"width: 48pt;\" width=\"64\">18<\/td><td class=\"xl66\" style=\"width: 48pt;\" width=\"64\">45<\/td><td class=\"xl66\" style=\"width: 48pt;\" width=\"64\">32,5<\/td><td class=\"xl66\" style=\"width: 48pt;\" width=\"64\">M6<\/td><td class=\"xl66\" style=\"width: 48pt;\" width=\"64\">50<\/td><td>**<\/td><td class=\"xl66\" style=\"width: 48pt;\" width=\"64\">10<\/td><\/tr><\/tbody><\/table><\/div> <\/div><div id=\"lqd-tab-1103\" role=\"tabpanel\" class=\"lqd-tabs-pane fade\"><p>Sie k\u00f6nnen die Beispielanwendungs-3D-Dateien (stl) \u00fcber den folgenden Link herunterladen \u2026<\/p><ul><li><a href=\"https:\/\/drive.google.com\/file\/d\/1A7YzB8g2ihI6tSgFY2KSfuORK0V9o_mX\/view\">IMT032.075.P.PD4<\/a><\/li><li><a href=\"https:\/\/drive.google.com\/file\/d\/1OrgDl_EoWAftO3xCGJMrDAUlrZlJnSJs\/view\">IMT32.0100.P-1FL6024-2AF21-1MA1.<\/a><\/li><li><a href=\"https:\/\/drive.google.com\/file\/d\/17lnGtmt4ktpxhdY9NVtBFz4pda2uwy4x\/view\">IMT32.100 S_G<\/a><\/li><li><a href=\"https:\/\/drive.google.com\/file\/d\/1yVdDDXZ11BjvQ9Gn9uQBGcuc2gYJlbIv\/view\">IMT32.200 S_G<\/a><\/li><\/ul> <\/div><div id=\"lqd-tab-1104\" role=\"tabpanel\" class=\"lqd-tabs-pane fade\"><p><img decoding=\"async\" class=\"aligncenter wp-image-3383 size-full\" src=\"http:\/\/www.electriccylinder.net\/de\/wp-content\/uploads\/2024\/02\/Montaj_Ekipmanlari.webp\" alt=\"\" width=\"946\" height=\"785\" srcset=\"https:\/\/www.electriccylinder.net\/de\/wp-content\/uploads\/2024\/02\/Montaj_Ekipmanlari.webp 946w, https:\/\/www.electriccylinder.net\/de\/wp-content\/uploads\/2024\/02\/Montaj_Ekipmanlari-300x249.webp 300w\" sizes=\"(max-width: 946px) 100vw, 946px\" \/><\/p> <\/div><\/div>\t\t\n\t\t<\/div>\n\t\t\t\t\t<\/div>\n\t\t\t\t<\/div>\n\t\t\t\t\t<\/div>\n\t\t\t\t<\/div>\n\t\t\t\t<\/div>\n\t\t","protected":false},"excerpt":{"rendered":"<p>Home IMT32 Elektrozylinder Es wird gem\u00e4\u00df den ISO1552-Pneumatikzylinderabmessungen als Standard hergestellt, und je nach gew\u00fcnschter Geschwindigkeit und Kraft k\u00f6nnen viele verschiedene Schrittmotoren oder Servomotoren angeschlossen werden. Befestigungselemente, die in pneumatischen Zylindern verwendet werden, k\u00f6nnen auch in elektrischen Zylindern verwendet werden. Standard-Kanaltyp-Sensoren k\u00f6nnen verwendet werden. Produkte k\u00f6nnen in verschiedenen Steigungen hergestellt werden, die spezifisch f\u00fcr Ihre [&hellip;]<\/p>\n","protected":false},"author":1,"featured_media":0,"parent":0,"menu_order":0,"comment_status":"closed","ping_status":"closed","template":"","meta":{"inline_featured_image":false,"footnotes":""},"class_list":["post-1037","page","type-page","status-publish","hentry"],"_links":{"self":[{"href":"https:\/\/www.electriccylinder.net\/de\/wp-json\/wp\/v2\/pages\/1037","targetHints":{"allow":["GET"]}}],"collection":[{"href":"https:\/\/www.electriccylinder.net\/de\/wp-json\/wp\/v2\/pages"}],"about":[{"href":"https:\/\/www.electriccylinder.net\/de\/wp-json\/wp\/v2\/types\/page"}],"author":[{"embeddable":true,"href":"https:\/\/www.electriccylinder.net\/de\/wp-json\/wp\/v2\/users\/1"}],"replies":[{"embeddable":true,"href":"https:\/\/www.electriccylinder.net\/de\/wp-json\/wp\/v2\/comments?post=1037"}],"version-history":[{"count":260,"href":"https:\/\/www.electriccylinder.net\/de\/wp-json\/wp\/v2\/pages\/1037\/revisions"}],"predecessor-version":[{"id":3781,"href":"https:\/\/www.electriccylinder.net\/de\/wp-json\/wp\/v2\/pages\/1037\/revisions\/3781"}],"wp:attachment":[{"href":"https:\/\/www.electriccylinder.net\/de\/wp-json\/wp\/v2\/media?parent=1037"}],"curies":[{"name":"wp","href":"https:\/\/api.w.org\/{rel}","templated":true}]}}